{"id":6711,"date":"2019-09-18T10:30:02","date_gmt":"2019-09-18T10:30:02","guid":{"rendered":"http:\/\/kultaliikerantanen.fi\/?post_type=product&#038;p=6711"},"modified":"2021-04-19T16:57:52","modified_gmt":"2021-04-19T16:57:52","slug":"3117039","status":"publish","type":"product","link":"http:\/\/kultaliikerantanen.fi\/?product=3117039","title":{"rendered":"3117039"},"content":{"rendered":"<p>3117038, 3117039, 5117038, 5117039<br \/>\nLAATTA PY\u00d6RE\u00c4 PR\u00c4SS.15MM, LAATTA PY\u00d6RE\u00c4 PR\u00c4SS.18MM<\/p>\n","protected":false},"excerpt":{"rendered":"<p>3117038, 3117039, 5117038, 5117039 LAATTA PY\u00d6RE\u00c4 PR\u00c4SS.15MM, LAATTA PY\u00d6RE\u00c4 PR\u00c4SS.18MM<\/p>\n","protected":false},"featured_media":930,"template":"","meta":[],"_links":{"self":[{"href":"http:\/\/kultaliikerantanen.fi\/index.php?rest_route=\/wp\/v2\/product\/6711"}],"collection":[{"href":"http:\/\/kultaliikerantanen.fi\/index.php?rest_route=\/wp\/v2\/product"}],"about":[{"href":"http:\/\/kultaliikerantanen.fi\/index.php?rest_route=\/wp\/v2\/types\/product"}],"wp:featuredmedia":[{"embeddable":true,"href":"http:\/\/kultaliikerantanen.fi\/index.php?rest_route=\/wp\/v2\/media\/930"}],"wp:attachment":[{"href":"http:\/\/kultaliikerantanen.fi\/index.php?rest_route=%2Fwp%2Fv2%2Fmedia&parent=6711"}],"curies":[{"name":"wp","href":"https:\/\/api.w.org\/{rel}","templated":true}]}}