{"id":6695,"date":"2019-09-18T10:23:04","date_gmt":"2019-09-18T10:23:04","guid":{"rendered":"http:\/\/kultaliikerantanen.fi\/?post_type=product&#038;p=6695"},"modified":"2021-04-20T12:11:26","modified_gmt":"2021-04-20T12:11:26","slug":"3118807","status":"publish","type":"product","link":"http:\/\/kultaliikerantanen.fi\/?product=3118807","title":{"rendered":"3118807"},"content":{"rendered":"<p>3118807, 5118807<br \/>\nHEVOSENP\u00c4\u00c4 SYD\u00c4N 8MM<br \/>\nHevonen, Hevoset, Ratsastaminen, Ratsastus, El\u00e4in, El\u00e4imet<\/p>\n","protected":false},"excerpt":{"rendered":"<p>3118807, 5118807 HEVOSENP\u00c4\u00c4 SYD\u00c4N 8MM Hevonen, Hevoset, Ratsastaminen, Ratsastus, El\u00e4in, El\u00e4imet<\/p>\n","protected":false},"featured_media":1632,"template":"","meta":[],"_links":{"self":[{"href":"http:\/\/kultaliikerantanen.fi\/index.php?rest_route=\/wp\/v2\/product\/6695"}],"collection":[{"href":"http:\/\/kultaliikerantanen.fi\/index.php?rest_route=\/wp\/v2\/product"}],"about":[{"href":"http:\/\/kultaliikerantanen.fi\/index.php?rest_route=\/wp\/v2\/types\/product"}],"wp:featuredmedia":[{"embeddable":true,"href":"http:\/\/kultaliikerantanen.fi\/index.php?rest_route=\/wp\/v2\/media\/1632"}],"wp:attachment":[{"href":"http:\/\/kultaliikerantanen.fi\/index.php?rest_route=%2Fwp%2Fv2%2Fmedia&parent=6695"}],"curies":[{"name":"wp","href":"https:\/\/api.w.org\/{rel}","templated":true}]}}