{"id":6692,"date":"2019-09-18T10:18:22","date_gmt":"2019-09-18T10:18:22","guid":{"rendered":"http:\/\/kultaliikerantanen.fi\/?post_type=product&#038;p=6692"},"modified":"2021-04-19T12:52:26","modified_gmt":"2021-04-19T12:52:26","slug":"3116042","status":"publish","type":"product","link":"http:\/\/kultaliikerantanen.fi\/?product=3116042","title":{"rendered":"3116042"},"content":{"rendered":"<p>3116041, 3116042, 5116042<br \/>\n29MM PR\u00c4SS\u00c4TTY KUVIOREUNA, 36MM PR\u00c4SS\u00c4TTY KUVIOREUNA<\/p>\n","protected":false},"excerpt":{"rendered":"<p>3116041, 3116042, 5116042 29MM PR\u00c4SS\u00c4TTY KUVIOREUNA, 36MM PR\u00c4SS\u00c4TTY KUVIOREUNA<\/p>\n","protected":false},"featured_media":6592,"template":"","meta":[],"_links":{"self":[{"href":"http:\/\/kultaliikerantanen.fi\/index.php?rest_route=\/wp\/v2\/product\/6692"}],"collection":[{"href":"http:\/\/kultaliikerantanen.fi\/index.php?rest_route=\/wp\/v2\/product"}],"about":[{"href":"http:\/\/kultaliikerantanen.fi\/index.php?rest_route=\/wp\/v2\/types\/product"}],"wp:featuredmedia":[{"embeddable":true,"href":"http:\/\/kultaliikerantanen.fi\/index.php?rest_route=\/wp\/v2\/media\/6592"}],"wp:attachment":[{"href":"http:\/\/kultaliikerantanen.fi\/index.php?rest_route=%2Fwp%2Fv2%2Fmedia&parent=6692"}],"curies":[{"name":"wp","href":"https:\/\/api.w.org\/{rel}","templated":true}]}}