{"id":6658,"date":"2019-09-18T09:11:06","date_gmt":"2019-09-18T09:11:06","guid":{"rendered":"http:\/\/kultaliikerantanen.fi\/?post_type=product&#038;p=6658"},"modified":"2021-04-19T12:15:28","modified_gmt":"2021-04-19T12:15:28","slug":"3113345","status":"publish","type":"product","link":"http:\/\/kultaliikerantanen.fi\/?product=3113345","title":{"rendered":"3113345"},"content":{"rendered":"<p>3113345, 5113345<br \/>\nHEVOSENKENK\u00c4 12 3MM KIVI<br \/>\nEl\u00e4in, El\u00e4imet, Hevonen, Hevoset, Ratsastus, Ratsastaminen<\/p>\n","protected":false},"excerpt":{"rendered":"<p>3113345, 5113345 HEVOSENKENK\u00c4 12 3MM KIVI El\u00e4in, El\u00e4imet, Hevonen, Hevoset, Ratsastus, Ratsastaminen<\/p>\n","protected":false},"featured_media":6587,"template":"","meta":[],"_links":{"self":[{"href":"http:\/\/kultaliikerantanen.fi\/index.php?rest_route=\/wp\/v2\/product\/6658"}],"collection":[{"href":"http:\/\/kultaliikerantanen.fi\/index.php?rest_route=\/wp\/v2\/product"}],"about":[{"href":"http:\/\/kultaliikerantanen.fi\/index.php?rest_route=\/wp\/v2\/types\/product"}],"wp:featuredmedia":[{"embeddable":true,"href":"http:\/\/kultaliikerantanen.fi\/index.php?rest_route=\/wp\/v2\/media\/6587"}],"wp:attachment":[{"href":"http:\/\/kultaliikerantanen.fi\/index.php?rest_route=%2Fwp%2Fv2%2Fmedia&parent=6658"}],"curies":[{"name":"wp","href":"https:\/\/api.w.org\/{rel}","templated":true}]}}