{"id":6376,"date":"2019-08-29T08:54:45","date_gmt":"2019-08-29T08:54:45","guid":{"rendered":"http:\/\/kultaliikerantanen.fi\/?post_type=product&#038;p=6376"},"modified":"2021-04-08T09:36:49","modified_gmt":"2021-04-08T09:36:49","slug":"3138366","status":"publish","type":"product","link":"http:\/\/kultaliikerantanen.fi\/?product=3138366","title":{"rendered":"3138366"},"content":{"rendered":"<p>3138366, 5138366<br \/>\nK\u00c4RP\u00c4NEN 6MM KETJU<br \/>\n\u00d6t\u00f6kk\u00e4, \u00d6t\u00f6k\u00e4t<\/p>\n","protected":false},"excerpt":{"rendered":"<p>3138366, 5138366 K\u00c4RP\u00c4NEN 6MM KETJU \u00d6t\u00f6kk\u00e4, \u00d6t\u00f6k\u00e4t<\/p>\n","protected":false},"featured_media":6242,"template":"","meta":[],"_links":{"self":[{"href":"http:\/\/kultaliikerantanen.fi\/index.php?rest_route=\/wp\/v2\/product\/6376"}],"collection":[{"href":"http:\/\/kultaliikerantanen.fi\/index.php?rest_route=\/wp\/v2\/product"}],"about":[{"href":"http:\/\/kultaliikerantanen.fi\/index.php?rest_route=\/wp\/v2\/types\/product"}],"wp:featuredmedia":[{"embeddable":true,"href":"http:\/\/kultaliikerantanen.fi\/index.php?rest_route=\/wp\/v2\/media\/6242"}],"wp:attachment":[{"href":"http:\/\/kultaliikerantanen.fi\/index.php?rest_route=%2Fwp%2Fv2%2Fmedia&parent=6376"}],"curies":[{"name":"wp","href":"https:\/\/api.w.org\/{rel}","templated":true}]}}