{"id":6370,"date":"2019-08-29T08:49:59","date_gmt":"2019-08-29T08:49:59","guid":{"rendered":"http:\/\/kultaliikerantanen.fi\/?post_type=product&#038;p=6370"},"modified":"2021-04-08T07:57:31","modified_gmt":"2021-04-08T07:57:31","slug":"3138360","status":"publish","type":"product","link":"http:\/\/kultaliikerantanen.fi\/?product=3138360","title":{"rendered":"3138360"},"content":{"rendered":"<p>3138360, 5138360<br \/>\nP\u00d6LL\u00d6 6MM KETJU<br \/>\nEl\u00e4in, El\u00e4imet, Lintu, Linnut<\/p>\n","protected":false},"excerpt":{"rendered":"<p>3138360, 5138360 P\u00d6LL\u00d6 6MM KETJU El\u00e4in, El\u00e4imet, Lintu, Linnut<\/p>\n","protected":false},"featured_media":735,"template":"","meta":[],"_links":{"self":[{"href":"http:\/\/kultaliikerantanen.fi\/index.php?rest_route=\/wp\/v2\/product\/6370"}],"collection":[{"href":"http:\/\/kultaliikerantanen.fi\/index.php?rest_route=\/wp\/v2\/product"}],"about":[{"href":"http:\/\/kultaliikerantanen.fi\/index.php?rest_route=\/wp\/v2\/types\/product"}],"wp:featuredmedia":[{"embeddable":true,"href":"http:\/\/kultaliikerantanen.fi\/index.php?rest_route=\/wp\/v2\/media\/735"}],"wp:attachment":[{"href":"http:\/\/kultaliikerantanen.fi\/index.php?rest_route=%2Fwp%2Fv2%2Fmedia&parent=6370"}],"curies":[{"name":"wp","href":"https:\/\/api.w.org\/{rel}","templated":true}]}}