{"id":6365,"date":"2019-08-29T08:25:18","date_gmt":"2019-08-29T08:25:18","guid":{"rendered":"http:\/\/kultaliikerantanen.fi\/?post_type=product&#038;p=6365"},"modified":"2021-04-08T07:50:11","modified_gmt":"2021-04-08T07:50:11","slug":"3138324","status":"publish","type":"product","link":"http:\/\/kultaliikerantanen.fi\/?product=3138324","title":{"rendered":"3138324"},"content":{"rendered":"<p>3138324, 5138324<br \/>\nDELFIINI HYPP\u00c4\u00c4V\u00c4 KETJU<br \/>\nMeri, El\u00e4in, El\u00e4imet, Kala, Kalat, Vesi<\/p>\n","protected":false},"excerpt":{"rendered":"<p>3138324, 5138324 DELFIINI HYPP\u00c4\u00c4V\u00c4 KETJU Meri, El\u00e4in, El\u00e4imet, Kala, Kalat, Vesi<\/p>\n","protected":false},"featured_media":6231,"template":"","meta":[],"_links":{"self":[{"href":"http:\/\/kultaliikerantanen.fi\/index.php?rest_route=\/wp\/v2\/product\/6365"}],"collection":[{"href":"http:\/\/kultaliikerantanen.fi\/index.php?rest_route=\/wp\/v2\/product"}],"about":[{"href":"http:\/\/kultaliikerantanen.fi\/index.php?rest_route=\/wp\/v2\/types\/product"}],"wp:featuredmedia":[{"embeddable":true,"href":"http:\/\/kultaliikerantanen.fi\/index.php?rest_route=\/wp\/v2\/media\/6231"}],"wp:attachment":[{"href":"http:\/\/kultaliikerantanen.fi\/index.php?rest_route=%2Fwp%2Fv2%2Fmedia&parent=6365"}],"curies":[{"name":"wp","href":"https:\/\/api.w.org\/{rel}","templated":true}]}}