{"id":6353,"date":"2019-08-29T08:02:31","date_gmt":"2019-08-29T08:02:31","guid":{"rendered":"http:\/\/kultaliikerantanen.fi\/?post_type=product&#038;p=6353"},"modified":"2021-04-08T10:19:17","modified_gmt":"2021-04-08T10:19:17","slug":"3138507","status":"publish","type":"product","link":"http:\/\/kultaliikerantanen.fi\/?product=3138507","title":{"rendered":"3138507"},"content":{"rendered":"<p>3138507, 5138507<br \/>\nPANTTERINP\u00c4\u00c4 RENKAALLA<br \/>\nEl\u00e4in, El\u00e4imet<\/p>\n","protected":false},"excerpt":{"rendered":"<p>3138507, 5138507 PANTTERINP\u00c4\u00c4 RENKAALLA El\u00e4in, El\u00e4imet<\/p>\n","protected":false},"featured_media":6263,"template":"","meta":[],"_links":{"self":[{"href":"http:\/\/kultaliikerantanen.fi\/index.php?rest_route=\/wp\/v2\/product\/6353"}],"collection":[{"href":"http:\/\/kultaliikerantanen.fi\/index.php?rest_route=\/wp\/v2\/product"}],"about":[{"href":"http:\/\/kultaliikerantanen.fi\/index.php?rest_route=\/wp\/v2\/types\/product"}],"wp:featuredmedia":[{"embeddable":true,"href":"http:\/\/kultaliikerantanen.fi\/index.php?rest_route=\/wp\/v2\/media\/6263"}],"wp:attachment":[{"href":"http:\/\/kultaliikerantanen.fi\/index.php?rest_route=%2Fwp%2Fv2%2Fmedia&parent=6353"}],"curies":[{"name":"wp","href":"https:\/\/api.w.org\/{rel}","templated":true}]}}