{"id":6341,"date":"2019-08-29T07:47:01","date_gmt":"2019-08-29T07:47:01","guid":{"rendered":"http:\/\/kultaliikerantanen.fi\/?post_type=product&#038;p=6341"},"modified":"2021-04-09T12:52:36","modified_gmt":"2021-04-09T12:52:36","slug":"5138358","status":"publish","type":"product","link":"http:\/\/kultaliikerantanen.fi\/?product=5138358","title":{"rendered":"3138358"},"content":{"rendered":"<p>3138358, 5138358<br \/>\nPUPU 8MM KETJU<br \/>\nLEMMIKIT, LEMMIKKI, EL\u00c4IN, EL\u00c4IMET, J\u00c4NIS<\/p>\n","protected":false},"excerpt":{"rendered":"<p>3138358, 5138358 PUPU 8MM KETJU LEMMIKIT, LEMMIKKI, EL\u00c4IN, EL\u00c4IMET, J\u00c4NIS<\/p>\n","protected":false},"featured_media":737,"template":"","meta":[],"_links":{"self":[{"href":"http:\/\/kultaliikerantanen.fi\/index.php?rest_route=\/wp\/v2\/product\/6341"}],"collection":[{"href":"http:\/\/kultaliikerantanen.fi\/index.php?rest_route=\/wp\/v2\/product"}],"about":[{"href":"http:\/\/kultaliikerantanen.fi\/index.php?rest_route=\/wp\/v2\/types\/product"}],"wp:featuredmedia":[{"embeddable":true,"href":"http:\/\/kultaliikerantanen.fi\/index.php?rest_route=\/wp\/v2\/media\/737"}],"wp:attachment":[{"href":"http:\/\/kultaliikerantanen.fi\/index.php?rest_route=%2Fwp%2Fv2%2Fmedia&parent=6341"}],"curies":[{"name":"wp","href":"https:\/\/api.w.org\/{rel}","templated":true}]}}