{"id":6332,"date":"2019-08-29T07:39:30","date_gmt":"2019-08-29T07:39:30","guid":{"rendered":"http:\/\/kultaliikerantanen.fi\/?post_type=product&#038;p=6332"},"modified":"2021-04-09T13:25:53","modified_gmt":"2021-04-09T13:25:53","slug":"5118739","status":"publish","type":"product","link":"http:\/\/kultaliikerantanen.fi\/?product=5118739","title":{"rendered":"5118739"},"content":{"rendered":"<p>NALLE 20MM SILE\u00c4<br \/>\nEl\u00e4in, El\u00e4imet<\/p>\n","protected":false},"excerpt":{"rendered":"<p>NALLE 20MM SILE\u00c4 El\u00e4in, El\u00e4imet<\/p>\n","protected":false},"featured_media":6288,"template":"","meta":[],"_links":{"self":[{"href":"http:\/\/kultaliikerantanen.fi\/index.php?rest_route=\/wp\/v2\/product\/6332"}],"collection":[{"href":"http:\/\/kultaliikerantanen.fi\/index.php?rest_route=\/wp\/v2\/product"}],"about":[{"href":"http:\/\/kultaliikerantanen.fi\/index.php?rest_route=\/wp\/v2\/types\/product"}],"wp:featuredmedia":[{"embeddable":true,"href":"http:\/\/kultaliikerantanen.fi\/index.php?rest_route=\/wp\/v2\/media\/6288"}],"wp:attachment":[{"href":"http:\/\/kultaliikerantanen.fi\/index.php?rest_route=%2Fwp%2Fv2%2Fmedia&parent=6332"}],"curies":[{"name":"wp","href":"https:\/\/api.w.org\/{rel}","templated":true}]}}