{"id":6331,"date":"2019-08-29T07:38:43","date_gmt":"2019-08-29T07:38:43","guid":{"rendered":"http:\/\/kultaliikerantanen.fi\/?post_type=product&#038;p=6331"},"modified":"2021-04-09T13:25:29","modified_gmt":"2021-04-09T13:25:29","slug":"5118738","status":"publish","type":"product","link":"http:\/\/kultaliikerantanen.fi\/?product=5118738","title":{"rendered":"5118738"},"content":{"rendered":"<p>KISSA 25MM SILE\u00c4<br \/>\nEl\u00e4in, El\u00e4imet, Lemmikki, Lemmikit<\/p>\n","protected":false},"excerpt":{"rendered":"<p>KISSA 25MM SILE\u00c4 El\u00e4in, El\u00e4imet, Lemmikki, Lemmikit<\/p>\n","protected":false},"featured_media":6287,"template":"","meta":[],"_links":{"self":[{"href":"http:\/\/kultaliikerantanen.fi\/index.php?rest_route=\/wp\/v2\/product\/6331"}],"collection":[{"href":"http:\/\/kultaliikerantanen.fi\/index.php?rest_route=\/wp\/v2\/product"}],"about":[{"href":"http:\/\/kultaliikerantanen.fi\/index.php?rest_route=\/wp\/v2\/types\/product"}],"wp:featuredmedia":[{"embeddable":true,"href":"http:\/\/kultaliikerantanen.fi\/index.php?rest_route=\/wp\/v2\/media\/6287"}],"wp:attachment":[{"href":"http:\/\/kultaliikerantanen.fi\/index.php?rest_route=%2Fwp%2Fv2%2Fmedia&parent=6331"}],"curies":[{"name":"wp","href":"https:\/\/api.w.org\/{rel}","templated":true}]}}