{"id":6030,"date":"2019-08-22T11:45:53","date_gmt":"2019-08-22T11:45:53","guid":{"rendered":"http:\/\/kultaliikerantanen.fi\/?post_type=product&#038;p=6030"},"modified":"2021-04-09T12:57:49","modified_gmt":"2021-04-09T12:57:49","slug":"5138506","status":"publish","type":"product","link":"http:\/\/kultaliikerantanen.fi\/?product=5138506","title":{"rendered":"3138506"},"content":{"rendered":"<p>3138506, 5138506<br \/>\nPANTTERINP\u00c4\u00c4 8MM<br \/>\nEl\u00e4in, El\u00e4imet<\/p>\n","protected":false},"excerpt":{"rendered":"<p>3138506, 5138506 PANTTERINP\u00c4\u00c4 8MM El\u00e4in, El\u00e4imet<\/p>\n","protected":false},"featured_media":5959,"template":"","meta":[],"_links":{"self":[{"href":"http:\/\/kultaliikerantanen.fi\/index.php?rest_route=\/wp\/v2\/product\/6030"}],"collection":[{"href":"http:\/\/kultaliikerantanen.fi\/index.php?rest_route=\/wp\/v2\/product"}],"about":[{"href":"http:\/\/kultaliikerantanen.fi\/index.php?rest_route=\/wp\/v2\/types\/product"}],"wp:featuredmedia":[{"embeddable":true,"href":"http:\/\/kultaliikerantanen.fi\/index.php?rest_route=\/wp\/v2\/media\/5959"}],"wp:attachment":[{"href":"http:\/\/kultaliikerantanen.fi\/index.php?rest_route=%2Fwp%2Fv2%2Fmedia&parent=6030"}],"curies":[{"name":"wp","href":"https:\/\/api.w.org\/{rel}","templated":true}]}}