{"id":6029,"date":"2019-08-22T12:16:41","date_gmt":"2019-08-22T12:16:41","guid":{"rendered":"http:\/\/kultaliikerantanen.fi\/?post_type=product&#038;p=6029"},"modified":"2021-04-09T12:55:45","modified_gmt":"2021-04-09T12:55:45","slug":"5138473","status":"publish","type":"product","link":"http:\/\/kultaliikerantanen.fi\/?product=5138473","title":{"rendered":"3138473"},"content":{"rendered":"<p>3138473, 5138473<br \/>\nTASSU 7MM PY\u00d6RE\u00c4 TH<br \/>\nKoira, Kissa, Koirat, Kissat, El\u00e4in, Lemmikki, El\u00e4imet, Lemmikit<\/p>\n","protected":false},"excerpt":{"rendered":"<p>3138473, 5138473 TASSU 7MM PY\u00d6RE\u00c4 TH Koira, Kissa, Koirat, Kissat, El\u00e4in, Lemmikki, El\u00e4imet, Lemmikit<\/p>\n","protected":false},"featured_media":5958,"template":"","meta":[],"_links":{"self":[{"href":"http:\/\/kultaliikerantanen.fi\/index.php?rest_route=\/wp\/v2\/product\/6029"}],"collection":[{"href":"http:\/\/kultaliikerantanen.fi\/index.php?rest_route=\/wp\/v2\/product"}],"about":[{"href":"http:\/\/kultaliikerantanen.fi\/index.php?rest_route=\/wp\/v2\/types\/product"}],"wp:featuredmedia":[{"embeddable":true,"href":"http:\/\/kultaliikerantanen.fi\/index.php?rest_route=\/wp\/v2\/media\/5958"}],"wp:attachment":[{"href":"http:\/\/kultaliikerantanen.fi\/index.php?rest_route=%2Fwp%2Fv2%2Fmedia&parent=6029"}],"curies":[{"name":"wp","href":"https:\/\/api.w.org\/{rel}","templated":true}]}}