{"id":6015,"date":"2019-08-22T12:23:05","date_gmt":"2019-08-22T12:23:05","guid":{"rendered":"http:\/\/kultaliikerantanen.fi\/?post_type=product&#038;p=6015"},"modified":"2021-04-20T06:28:58","modified_gmt":"2021-04-20T06:28:58","slug":"5118141","status":"publish","type":"product","link":"http:\/\/kultaliikerantanen.fi\/?product=5118141","title":{"rendered":"3118141"},"content":{"rendered":"<p>3118141, 5118141<br \/>\nLINNUNP\u00d6NTT\u00d6 10MM<br \/>\nLinnut, Lintu, M\u00f6kki<\/p>\n","protected":false},"excerpt":{"rendered":"<p>3118141, 5118141 LINNUNP\u00d6NTT\u00d6 10MM Linnut, Lintu, M\u00f6kki<\/p>\n","protected":false},"featured_media":5944,"template":"","meta":[],"_links":{"self":[{"href":"http:\/\/kultaliikerantanen.fi\/index.php?rest_route=\/wp\/v2\/product\/6015"}],"collection":[{"href":"http:\/\/kultaliikerantanen.fi\/index.php?rest_route=\/wp\/v2\/product"}],"about":[{"href":"http:\/\/kultaliikerantanen.fi\/index.php?rest_route=\/wp\/v2\/types\/product"}],"wp:featuredmedia":[{"embeddable":true,"href":"http:\/\/kultaliikerantanen.fi\/index.php?rest_route=\/wp\/v2\/media\/5944"}],"wp:attachment":[{"href":"http:\/\/kultaliikerantanen.fi\/index.php?rest_route=%2Fwp%2Fv2%2Fmedia&parent=6015"}],"curies":[{"name":"wp","href":"https:\/\/api.w.org\/{rel}","templated":true}]}}