{"id":6008,"date":"2019-08-22T12:25:10","date_gmt":"2019-08-22T12:25:10","guid":{"rendered":"http:\/\/kultaliikerantanen.fi\/?post_type=product&#038;p=6008"},"modified":"2021-04-08T10:17:42","modified_gmt":"2021-04-08T10:17:42","slug":"3138494","status":"publish","type":"product","link":"http:\/\/kultaliikerantanen.fi\/?product=3138494","title":{"rendered":"3138494"},"content":{"rendered":"<p>3138494, 5138494<br \/>\n7MM K\u00c4RRYNPY\u00d6R\u00c4<\/p>\n","protected":false},"excerpt":{"rendered":"<p>3138494, 5138494 7MM K\u00c4RRYNPY\u00d6R\u00c4<\/p>\n","protected":false},"featured_media":5938,"template":"","meta":[],"_links":{"self":[{"href":"http:\/\/kultaliikerantanen.fi\/index.php?rest_route=\/wp\/v2\/product\/6008"}],"collection":[{"href":"http:\/\/kultaliikerantanen.fi\/index.php?rest_route=\/wp\/v2\/product"}],"about":[{"href":"http:\/\/kultaliikerantanen.fi\/index.php?rest_route=\/wp\/v2\/types\/product"}],"wp:featuredmedia":[{"embeddable":true,"href":"http:\/\/kultaliikerantanen.fi\/index.php?rest_route=\/wp\/v2\/media\/5938"}],"wp:attachment":[{"href":"http:\/\/kultaliikerantanen.fi\/index.php?rest_route=%2Fwp%2Fv2%2Fmedia&parent=6008"}],"curies":[{"name":"wp","href":"https:\/\/api.w.org\/{rel}","templated":true}]}}