{"id":6007,"date":"2019-08-22T12:25:25","date_gmt":"2019-08-22T12:25:25","guid":{"rendered":"http:\/\/kultaliikerantanen.fi\/?post_type=product&#038;p=6007"},"modified":"2021-04-08T10:17:12","modified_gmt":"2021-04-08T10:17:12","slug":"3138493","status":"publish","type":"product","link":"http:\/\/kultaliikerantanen.fi\/?product=3138493","title":{"rendered":"3138493"},"content":{"rendered":"<p>3138493, 5138493<br \/>\nHEVOSENP\u00c4\u00c4 SYD\u00c4N 8MM TH<br \/>\nRatsastus, Ratsastaminen, Hevonen, Hevoset, El\u00e4in, El\u00e4imet<\/p>\n","protected":false},"excerpt":{"rendered":"<p>3138493, 5138493 HEVOSENP\u00c4\u00c4 SYD\u00c4N 8MM TH Ratsastus, Ratsastaminen, Hevonen, Hevoset, El\u00e4in, El\u00e4imet<\/p>\n","protected":false},"featured_media":1578,"template":"","meta":[],"_links":{"self":[{"href":"http:\/\/kultaliikerantanen.fi\/index.php?rest_route=\/wp\/v2\/product\/6007"}],"collection":[{"href":"http:\/\/kultaliikerantanen.fi\/index.php?rest_route=\/wp\/v2\/product"}],"about":[{"href":"http:\/\/kultaliikerantanen.fi\/index.php?rest_route=\/wp\/v2\/types\/product"}],"wp:featuredmedia":[{"embeddable":true,"href":"http:\/\/kultaliikerantanen.fi\/index.php?rest_route=\/wp\/v2\/media\/1578"}],"wp:attachment":[{"href":"http:\/\/kultaliikerantanen.fi\/index.php?rest_route=%2Fwp%2Fv2%2Fmedia&parent=6007"}],"curies":[{"name":"wp","href":"https:\/\/api.w.org\/{rel}","templated":true}]}}