{"id":5877,"date":"2019-08-22T08:40:46","date_gmt":"2019-08-22T08:40:46","guid":{"rendered":"http:\/\/kultaliikerantanen.fi\/?post_type=product&#038;p=5877"},"modified":"2021-04-20T09:51:48","modified_gmt":"2021-04-20T09:51:48","slug":"3118537","status":"publish","type":"product","link":"http:\/\/kultaliikerantanen.fi\/?product=3118537","title":{"rendered":"3118537"},"content":{"rendered":"<p>3118537, 5118537<br \/>\nHEVOSENP\u00c4\u00c4 14MM<br \/>\nRatsastus, Ratsastaminen, Ratsu, Hevonen, El\u00e4in, El\u00e4imet<\/p>\n","protected":false},"excerpt":{"rendered":"<p>3118537, 5118537 HEVOSENP\u00c4\u00c4 14MM Ratsastus, Ratsastaminen, Ratsu, Hevonen, El\u00e4in, El\u00e4imet<\/p>\n","protected":false},"featured_media":5887,"template":"","meta":[],"_links":{"self":[{"href":"http:\/\/kultaliikerantanen.fi\/index.php?rest_route=\/wp\/v2\/product\/5877"}],"collection":[{"href":"http:\/\/kultaliikerantanen.fi\/index.php?rest_route=\/wp\/v2\/product"}],"about":[{"href":"http:\/\/kultaliikerantanen.fi\/index.php?rest_route=\/wp\/v2\/types\/product"}],"wp:featuredmedia":[{"embeddable":true,"href":"http:\/\/kultaliikerantanen.fi\/index.php?rest_route=\/wp\/v2\/media\/5887"}],"wp:attachment":[{"href":"http:\/\/kultaliikerantanen.fi\/index.php?rest_route=%2Fwp%2Fv2%2Fmedia&parent=5877"}],"curies":[{"name":"wp","href":"https:\/\/api.w.org\/{rel}","templated":true}]}}