{"id":5348,"date":"2017-11-10T15:25:29","date_gmt":"2017-11-10T15:25:29","guid":{"rendered":"http:\/\/kultaliikerantanen.fi\/?post_type=product&#038;p=5348"},"modified":"2021-04-09T13:22:03","modified_gmt":"2021-04-09T13:22:03","slug":"5118395","status":"publish","type":"product","link":"http:\/\/kultaliikerantanen.fi\/?product=5118395","title":{"rendered":"5118395"},"content":{"rendered":"<p>DELFIINI\/SYD\u00c4MMET 23MM<br \/>\nVesi, Meri, El\u00e4in, El\u00e4imet, Kala, Kalat<\/p>\n","protected":false},"excerpt":{"rendered":"<p>DELFIINI\/SYD\u00c4MMET 23MM Vesi, Meri, El\u00e4in, El\u00e4imet, Kala, Kalat<\/p>\n","protected":false},"featured_media":5289,"template":"","meta":[],"_links":{"self":[{"href":"http:\/\/kultaliikerantanen.fi\/index.php?rest_route=\/wp\/v2\/product\/5348"}],"collection":[{"href":"http:\/\/kultaliikerantanen.fi\/index.php?rest_route=\/wp\/v2\/product"}],"about":[{"href":"http:\/\/kultaliikerantanen.fi\/index.php?rest_route=\/wp\/v2\/types\/product"}],"wp:featuredmedia":[{"embeddable":true,"href":"http:\/\/kultaliikerantanen.fi\/index.php?rest_route=\/wp\/v2\/media\/5289"}],"wp:attachment":[{"href":"http:\/\/kultaliikerantanen.fi\/index.php?rest_route=%2Fwp%2Fv2%2Fmedia&parent=5348"}],"curies":[{"name":"wp","href":"https:\/\/api.w.org\/{rel}","templated":true}]}}