{"id":5291,"date":"2017-11-10T15:01:17","date_gmt":"2017-11-10T15:01:17","guid":{"rendered":"http:\/\/kultaliikerantanen.fi\/?post_type=product&#038;p=5291"},"modified":"2021-04-09T13:27:08","modified_gmt":"2021-04-09T13:27:08","slug":"5118776","status":"publish","type":"product","link":"http:\/\/kultaliikerantanen.fi\/?product=5118776","title":{"rendered":"5118776"},"content":{"rendered":"<p>DELFIINI KULLAT.\/SYD\u00c4MET 23MM<br \/>\nEl\u00e4in, El\u00e4imet, Kala, Meri, Vesi, Laiva<\/p>\n","protected":false},"excerpt":{"rendered":"<p>DELFIINI KULLAT.\/SYD\u00c4MET 23MM El\u00e4in, El\u00e4imet, Kala, Meri, Vesi, Laiva<\/p>\n","protected":false},"featured_media":5261,"template":"","meta":[],"_links":{"self":[{"href":"http:\/\/kultaliikerantanen.fi\/index.php?rest_route=\/wp\/v2\/product\/5291"}],"collection":[{"href":"http:\/\/kultaliikerantanen.fi\/index.php?rest_route=\/wp\/v2\/product"}],"about":[{"href":"http:\/\/kultaliikerantanen.fi\/index.php?rest_route=\/wp\/v2\/types\/product"}],"wp:featuredmedia":[{"embeddable":true,"href":"http:\/\/kultaliikerantanen.fi\/index.php?rest_route=\/wp\/v2\/media\/5261"}],"wp:attachment":[{"href":"http:\/\/kultaliikerantanen.fi\/index.php?rest_route=%2Fwp%2Fv2%2Fmedia&parent=5291"}],"curies":[{"name":"wp","href":"https:\/\/api.w.org\/{rel}","templated":true}]}}