{"id":5247,"date":"2017-09-21T18:23:43","date_gmt":"2017-09-21T18:23:43","guid":{"rendered":"http:\/\/kultaliikerantanen.fi\/?post_type=product&#038;p=5247"},"modified":"2021-04-20T12:10:12","modified_gmt":"2021-04-20T12:10:12","slug":"3118786","status":"publish","type":"product","link":"http:\/\/kultaliikerantanen.fi\/?product=3118786","title":{"rendered":"3118786"},"content":{"rendered":"<p>3118786, 5118786<br \/>\nJ\u00c4\u00c4KIEKKOMAILA 38MM<br \/>\nLiikunta, Liikkuminen, Urheilu, Urheileminen, Talvi, J\u00e4\u00e4kiekko, L\u00e4tk\u00e4<\/p>\n","protected":false},"excerpt":{"rendered":"<p>3118786, 5118786 J\u00c4\u00c4KIEKKOMAILA 38MM Liikunta, Liikkuminen, Urheilu, Urheileminen, Talvi, J\u00e4\u00e4kiekko, L\u00e4tk\u00e4<\/p>\n","protected":false},"featured_media":1251,"template":"","meta":[],"_links":{"self":[{"href":"http:\/\/kultaliikerantanen.fi\/index.php?rest_route=\/wp\/v2\/product\/5247"}],"collection":[{"href":"http:\/\/kultaliikerantanen.fi\/index.php?rest_route=\/wp\/v2\/product"}],"about":[{"href":"http:\/\/kultaliikerantanen.fi\/index.php?rest_route=\/wp\/v2\/types\/product"}],"wp:featuredmedia":[{"embeddable":true,"href":"http:\/\/kultaliikerantanen.fi\/index.php?rest_route=\/wp\/v2\/media\/1251"}],"wp:attachment":[{"href":"http:\/\/kultaliikerantanen.fi\/index.php?rest_route=%2Fwp%2Fv2%2Fmedia&parent=5247"}],"curies":[{"name":"wp","href":"https:\/\/api.w.org\/{rel}","templated":true}]}}