{"id":5235,"date":"2017-09-21T18:18:55","date_gmt":"2017-09-21T18:18:55","guid":{"rendered":"http:\/\/kultaliikerantanen.fi\/?post_type=product&#038;p=5235"},"modified":"2021-04-20T12:09:07","modified_gmt":"2021-04-20T12:09:07","slug":"3118778","status":"publish","type":"product","link":"http:\/\/kultaliikerantanen.fi\/?product=3118778","title":{"rendered":"3118778"},"content":{"rendered":"<p>3118778, 5118778<br \/>\nMEHIL\u00c4INEN 10MM<br \/>\n\u00d6t\u00f6kk\u00e4, \u00d6t\u00f6k\u00e4t<\/p>\n","protected":false},"excerpt":{"rendered":"<p>3118778, 5118778 MEHIL\u00c4INEN 10MM \u00d6t\u00f6kk\u00e4, \u00d6t\u00f6k\u00e4t<\/p>\n","protected":false},"featured_media":1247,"template":"","meta":[],"_links":{"self":[{"href":"http:\/\/kultaliikerantanen.fi\/index.php?rest_route=\/wp\/v2\/product\/5235"}],"collection":[{"href":"http:\/\/kultaliikerantanen.fi\/index.php?rest_route=\/wp\/v2\/product"}],"about":[{"href":"http:\/\/kultaliikerantanen.fi\/index.php?rest_route=\/wp\/v2\/types\/product"}],"wp:featuredmedia":[{"embeddable":true,"href":"http:\/\/kultaliikerantanen.fi\/index.php?rest_route=\/wp\/v2\/media\/1247"}],"wp:attachment":[{"href":"http:\/\/kultaliikerantanen.fi\/index.php?rest_route=%2Fwp%2Fv2%2Fmedia&parent=5235"}],"curies":[{"name":"wp","href":"https:\/\/api.w.org\/{rel}","templated":true}]}}