{"id":5153,"date":"2017-09-21T17:19:54","date_gmt":"2017-09-21T17:19:54","guid":{"rendered":"http:\/\/kultaliikerantanen.fi\/?post_type=product&#038;p=5153"},"modified":"2021-04-20T11:40:09","modified_gmt":"2021-04-20T11:40:09","slug":"3118647","status":"publish","type":"product","link":"http:\/\/kultaliikerantanen.fi\/?product=3118647","title":{"rendered":"3118647"},"content":{"rendered":"<p>3118647, 5118647<br \/>\nTAPPARAN KIRVES 23MM<br \/>\nTampere, J\u00e4\u00e4kiekko, L\u00e4tk\u00e4, Tappara<\/p>\n","protected":false},"excerpt":{"rendered":"<p>3118647, 5118647 TAPPARAN KIRVES 23MM Tampere, J\u00e4\u00e4kiekko, L\u00e4tk\u00e4, Tappara<\/p>\n","protected":false},"featured_media":1219,"template":"","meta":[],"_links":{"self":[{"href":"http:\/\/kultaliikerantanen.fi\/index.php?rest_route=\/wp\/v2\/product\/5153"}],"collection":[{"href":"http:\/\/kultaliikerantanen.fi\/index.php?rest_route=\/wp\/v2\/product"}],"about":[{"href":"http:\/\/kultaliikerantanen.fi\/index.php?rest_route=\/wp\/v2\/types\/product"}],"wp:featuredmedia":[{"embeddable":true,"href":"http:\/\/kultaliikerantanen.fi\/index.php?rest_route=\/wp\/v2\/media\/1219"}],"wp:attachment":[{"href":"http:\/\/kultaliikerantanen.fi\/index.php?rest_route=%2Fwp%2Fv2%2Fmedia&parent=5153"}],"curies":[{"name":"wp","href":"https:\/\/api.w.org\/{rel}","templated":true}]}}