{"id":5078,"date":"2017-09-21T16:21:25","date_gmt":"2017-09-21T16:21:25","guid":{"rendered":"http:\/\/kultaliikerantanen.fi\/?post_type=product&#038;p=5078"},"modified":"2021-04-20T11:17:20","modified_gmt":"2021-04-20T11:17:20","slug":"3118602","status":"publish","type":"product","link":"http:\/\/kultaliikerantanen.fi\/?product=3118602","title":{"rendered":"3118602"},"content":{"rendered":"<p>3118602, 5118602<br \/>\nPANTTERINP\u00c4\u00c4 18MM<br \/>\nEl\u00e4in, El\u00e4imet<\/p>\n","protected":false},"excerpt":{"rendered":"<p>3118602, 5118602 PANTTERINP\u00c4\u00c4 18MM El\u00e4in, El\u00e4imet<\/p>\n","protected":false},"featured_media":1190,"template":"","meta":[],"_links":{"self":[{"href":"http:\/\/kultaliikerantanen.fi\/index.php?rest_route=\/wp\/v2\/product\/5078"}],"collection":[{"href":"http:\/\/kultaliikerantanen.fi\/index.php?rest_route=\/wp\/v2\/product"}],"about":[{"href":"http:\/\/kultaliikerantanen.fi\/index.php?rest_route=\/wp\/v2\/types\/product"}],"wp:featuredmedia":[{"embeddable":true,"href":"http:\/\/kultaliikerantanen.fi\/index.php?rest_route=\/wp\/v2\/media\/1190"}],"wp:attachment":[{"href":"http:\/\/kultaliikerantanen.fi\/index.php?rest_route=%2Fwp%2Fv2%2Fmedia&parent=5078"}],"curies":[{"name":"wp","href":"https:\/\/api.w.org\/{rel}","templated":true}]}}