{"id":5069,"date":"2017-09-21T16:09:35","date_gmt":"2017-09-21T16:09:35","guid":{"rendered":"http:\/\/kultaliikerantanen.fi\/?post_type=product&#038;p=5069"},"modified":"2021-04-20T11:04:04","modified_gmt":"2021-04-20T11:04:04","slug":"3118589","status":"publish","type":"product","link":"http:\/\/kultaliikerantanen.fi\/?product=3118589","title":{"rendered":"3118589"},"content":{"rendered":"<p>3118589, 5118589<br \/>\nKALA 21MM (HYPP\u00c4\u00c4V\u00c4)<br \/>\nMeri, Vesi, Kalat, J\u00e4rvi, Onginta, Onki, Pilkki, Pilkkiminen, Lohi<\/p>\n","protected":false},"excerpt":{"rendered":"<p>3118589, 5118589 KALA 21MM (HYPP\u00c4\u00c4V\u00c4) Meri, Vesi, Kalat, J\u00e4rvi, Onginta, Onki, Pilkki, Pilkkiminen, Lohi<\/p>\n","protected":false},"featured_media":1185,"template":"","meta":[],"_links":{"self":[{"href":"http:\/\/kultaliikerantanen.fi\/index.php?rest_route=\/wp\/v2\/product\/5069"}],"collection":[{"href":"http:\/\/kultaliikerantanen.fi\/index.php?rest_route=\/wp\/v2\/product"}],"about":[{"href":"http:\/\/kultaliikerantanen.fi\/index.php?rest_route=\/wp\/v2\/types\/product"}],"wp:featuredmedia":[{"embeddable":true,"href":"http:\/\/kultaliikerantanen.fi\/index.php?rest_route=\/wp\/v2\/media\/1185"}],"wp:attachment":[{"href":"http:\/\/kultaliikerantanen.fi\/index.php?rest_route=%2Fwp%2Fv2%2Fmedia&parent=5069"}],"curies":[{"name":"wp","href":"https:\/\/api.w.org\/{rel}","templated":true}]}}