{"id":5017,"date":"2017-09-21T15:48:43","date_gmt":"2017-09-21T15:48:43","guid":{"rendered":"http:\/\/kultaliikerantanen.fi\/?post_type=product&#038;p=5017"},"modified":"2021-04-20T10:58:44","modified_gmt":"2021-04-20T10:58:44","slug":"3118554","status":"publish","type":"product","link":"http:\/\/kultaliikerantanen.fi\/?product=3118554","title":{"rendered":"3118554"},"content":{"rendered":"<p>3118554, 5118554<br \/>\nSCH\u00c4FER (SUSIKOIRA) 23MM<br \/>\nEl\u00e4in, El\u00e4imet, Lemmikki, Lemmikit, Koira, Koirat, Poliisi, K9<\/p>\n","protected":false},"excerpt":{"rendered":"<p>3118554, 5118554 SCH\u00c4FER (SUSIKOIRA) 23MM El\u00e4in, El\u00e4imet, Lemmikki, Lemmikit, Koira, Koirat, Poliisi, K9<\/p>\n","protected":false},"featured_media":1167,"template":"","meta":[],"_links":{"self":[{"href":"http:\/\/kultaliikerantanen.fi\/index.php?rest_route=\/wp\/v2\/product\/5017"}],"collection":[{"href":"http:\/\/kultaliikerantanen.fi\/index.php?rest_route=\/wp\/v2\/product"}],"about":[{"href":"http:\/\/kultaliikerantanen.fi\/index.php?rest_route=\/wp\/v2\/types\/product"}],"wp:featuredmedia":[{"embeddable":true,"href":"http:\/\/kultaliikerantanen.fi\/index.php?rest_route=\/wp\/v2\/media\/1167"}],"wp:attachment":[{"href":"http:\/\/kultaliikerantanen.fi\/index.php?rest_route=%2Fwp%2Fv2%2Fmedia&parent=5017"}],"curies":[{"name":"wp","href":"https:\/\/api.w.org\/{rel}","templated":true}]}}