{"id":4981,"date":"2017-09-21T15:32:35","date_gmt":"2017-09-21T15:32:35","guid":{"rendered":"http:\/\/kultaliikerantanen.fi\/?post_type=product&#038;p=4981"},"modified":"2021-04-20T09:52:23","modified_gmt":"2021-04-20T09:52:23","slug":"3118540","status":"publish","type":"product","link":"http:\/\/kultaliikerantanen.fi\/?product=3118540","title":{"rendered":"3118540"},"content":{"rendered":"<p>3118540, 5118540<br \/>\nTY\u00d6NT\u00d6MITTA 25MM<br \/>\nTy\u00f6kalut<\/p>\n","protected":false},"excerpt":{"rendered":"<p>3118540, 5118540 TY\u00d6NT\u00d6MITTA 25MM Ty\u00f6kalut<\/p>\n","protected":false},"featured_media":1154,"template":"","meta":[],"_links":{"self":[{"href":"http:\/\/kultaliikerantanen.fi\/index.php?rest_route=\/wp\/v2\/product\/4981"}],"collection":[{"href":"http:\/\/kultaliikerantanen.fi\/index.php?rest_route=\/wp\/v2\/product"}],"about":[{"href":"http:\/\/kultaliikerantanen.fi\/index.php?rest_route=\/wp\/v2\/types\/product"}],"wp:featuredmedia":[{"embeddable":true,"href":"http:\/\/kultaliikerantanen.fi\/index.php?rest_route=\/wp\/v2\/media\/1154"}],"wp:attachment":[{"href":"http:\/\/kultaliikerantanen.fi\/index.php?rest_route=%2Fwp%2Fv2%2Fmedia&parent=4981"}],"curies":[{"name":"wp","href":"https:\/\/api.w.org\/{rel}","templated":true}]}}