{"id":4954,"date":"2017-09-21T15:21:09","date_gmt":"2017-09-21T15:21:09","guid":{"rendered":"http:\/\/kultaliikerantanen.fi\/?post_type=product&#038;p=4954"},"modified":"2021-04-20T09:32:57","modified_gmt":"2021-04-20T09:32:57","slug":"3118380","status":"publish","type":"product","link":"http:\/\/kultaliikerantanen.fi\/?product=3118380","title":{"rendered":"3118380"},"content":{"rendered":"<p>3118380, 5118380<br \/>\nL\u00c4\u00c4KERUISKU 20MM UMPI<br \/>\nL\u00e4\u00e4k\u00e4ri, Hoitaja, Sairaala, Sairaanhoitaja<\/p>\n","protected":false},"excerpt":{"rendered":"<p>3118380, 5118380 L\u00c4\u00c4KERUISKU 20MM UMPI L\u00e4\u00e4k\u00e4ri, Hoitaja, Sairaala, Sairaanhoitaja<\/p>\n","protected":false},"featured_media":1144,"template":"","meta":[],"_links":{"self":[{"href":"http:\/\/kultaliikerantanen.fi\/index.php?rest_route=\/wp\/v2\/product\/4954"}],"collection":[{"href":"http:\/\/kultaliikerantanen.fi\/index.php?rest_route=\/wp\/v2\/product"}],"about":[{"href":"http:\/\/kultaliikerantanen.fi\/index.php?rest_route=\/wp\/v2\/types\/product"}],"wp:featuredmedia":[{"embeddable":true,"href":"http:\/\/kultaliikerantanen.fi\/index.php?rest_route=\/wp\/v2\/media\/1144"}],"wp:attachment":[{"href":"http:\/\/kultaliikerantanen.fi\/index.php?rest_route=%2Fwp%2Fv2%2Fmedia&parent=4954"}],"curies":[{"name":"wp","href":"https:\/\/api.w.org\/{rel}","templated":true}]}}