{"id":4924,"date":"2017-09-21T15:06:44","date_gmt":"2017-09-21T15:06:44","guid":{"rendered":"http:\/\/kultaliikerantanen.fi\/?post_type=product&#038;p=4924"},"modified":"2021-04-20T09:33:45","modified_gmt":"2021-04-20T09:33:45","slug":"3118366","status":"publish","type":"product","link":"http:\/\/kultaliikerantanen.fi\/?product=3118366","title":{"rendered":"3118366"},"content":{"rendered":"<p>3118366, 5118366<br \/>\nMOOTTORIPY\u00d6R\u00c4 CUSTOM 30MM<br \/>\nPr\u00e4tk\u00e4<\/p>\n","protected":false},"excerpt":{"rendered":"<p>3118366, 5118366 MOOTTORIPY\u00d6R\u00c4 CUSTOM 30MM Pr\u00e4tk\u00e4<\/p>\n","protected":false},"featured_media":1134,"template":"","meta":[],"_links":{"self":[{"href":"http:\/\/kultaliikerantanen.fi\/index.php?rest_route=\/wp\/v2\/product\/4924"}],"collection":[{"href":"http:\/\/kultaliikerantanen.fi\/index.php?rest_route=\/wp\/v2\/product"}],"about":[{"href":"http:\/\/kultaliikerantanen.fi\/index.php?rest_route=\/wp\/v2\/types\/product"}],"wp:featuredmedia":[{"embeddable":true,"href":"http:\/\/kultaliikerantanen.fi\/index.php?rest_route=\/wp\/v2\/media\/1134"}],"wp:attachment":[{"href":"http:\/\/kultaliikerantanen.fi\/index.php?rest_route=%2Fwp%2Fv2%2Fmedia&parent=4924"}],"curies":[{"name":"wp","href":"https:\/\/api.w.org\/{rel}","templated":true}]}}