{"id":4921,"date":"2017-09-21T15:05:30","date_gmt":"2017-09-21T15:05:30","guid":{"rendered":"http:\/\/kultaliikerantanen.fi\/?post_type=product&#038;p=4921"},"modified":"2021-04-20T09:33:24","modified_gmt":"2021-04-20T09:33:24","slug":"3118354","status":"publish","type":"product","link":"http:\/\/kultaliikerantanen.fi\/?product=3118354","title":{"rendered":"3118354"},"content":{"rendered":"<p>3118354, 5118354<br \/>\nJ\u00c4\u00c4KIEKKOLUISTIN 10MM<br \/>\nLiikunta, Liikkuminen, Urheilu, Urheileminen, Talvi, J\u00e4\u00e4kiekko<\/p>\n","protected":false},"excerpt":{"rendered":"<p>3118354, 5118354 J\u00c4\u00c4KIEKKOLUISTIN 10MM Liikunta, Liikkuminen, Urheilu, Urheileminen, Talvi, J\u00e4\u00e4kiekko<\/p>\n","protected":false},"featured_media":1133,"template":"","meta":[],"_links":{"self":[{"href":"http:\/\/kultaliikerantanen.fi\/index.php?rest_route=\/wp\/v2\/product\/4921"}],"collection":[{"href":"http:\/\/kultaliikerantanen.fi\/index.php?rest_route=\/wp\/v2\/product"}],"about":[{"href":"http:\/\/kultaliikerantanen.fi\/index.php?rest_route=\/wp\/v2\/types\/product"}],"wp:featuredmedia":[{"embeddable":true,"href":"http:\/\/kultaliikerantanen.fi\/index.php?rest_route=\/wp\/v2\/media\/1133"}],"wp:attachment":[{"href":"http:\/\/kultaliikerantanen.fi\/index.php?rest_route=%2Fwp%2Fv2%2Fmedia&parent=4921"}],"curies":[{"name":"wp","href":"https:\/\/api.w.org\/{rel}","templated":true}]}}