{"id":4823,"date":"2017-09-21T12:42:54","date_gmt":"2017-09-21T12:42:54","guid":{"rendered":"http:\/\/kultaliikerantanen.fi\/?post_type=product&#038;p=4823"},"modified":"2021-04-20T09:06:21","modified_gmt":"2021-04-20T09:06:21","slug":"3118304","status":"publish","type":"product","link":"http:\/\/kultaliikerantanen.fi\/?product=3118304","title":{"rendered":"3118304"},"content":{"rendered":"<p>3118304 5118304<br \/>\n8MM X 11MM H\u00c4RK\u00c4<br \/>\nHoroskooppi, Horoskooppimerkki, Horoskoopit, El\u00e4in, El\u00e4imet<\/p>\n","protected":false},"excerpt":{"rendered":"<p>3118304 5118304 8MM X 11MM H\u00c4RK\u00c4 Horoskooppi, Horoskooppimerkki, Horoskoopit, El\u00e4in, El\u00e4imet<\/p>\n","protected":false},"featured_media":1097,"template":"","meta":[],"_links":{"self":[{"href":"http:\/\/kultaliikerantanen.fi\/index.php?rest_route=\/wp\/v2\/product\/4823"}],"collection":[{"href":"http:\/\/kultaliikerantanen.fi\/index.php?rest_route=\/wp\/v2\/product"}],"about":[{"href":"http:\/\/kultaliikerantanen.fi\/index.php?rest_route=\/wp\/v2\/types\/product"}],"wp:featuredmedia":[{"embeddable":true,"href":"http:\/\/kultaliikerantanen.fi\/index.php?rest_route=\/wp\/v2\/media\/1097"}],"wp:attachment":[{"href":"http:\/\/kultaliikerantanen.fi\/index.php?rest_route=%2Fwp%2Fv2%2Fmedia&parent=4823"}],"curies":[{"name":"wp","href":"https:\/\/api.w.org\/{rel}","templated":true}]}}