{"id":4807,"date":"2017-09-21T12:37:29","date_gmt":"2017-09-21T12:37:29","guid":{"rendered":"http:\/\/kultaliikerantanen.fi\/?post_type=product&#038;p=4807"},"modified":"2021-04-20T09:03:53","modified_gmt":"2021-04-20T09:03:53","slug":"3118298","status":"publish","type":"product","link":"http:\/\/kultaliikerantanen.fi\/?product=3118298","title":{"rendered":"3118298"},"content":{"rendered":"<p>3118298, 5118298<br \/>\nLEIJONA \u00c4RJYV\u00c4 15,5MM<br \/>\nEl\u00e4in, El\u00e4imet, Savanni<\/p>\n","protected":false},"excerpt":{"rendered":"<p>3118298, 5118298 LEIJONA \u00c4RJYV\u00c4 15,5MM El\u00e4in, El\u00e4imet, Savanni<\/p>\n","protected":false},"featured_media":1092,"template":"","meta":[],"_links":{"self":[{"href":"http:\/\/kultaliikerantanen.fi\/index.php?rest_route=\/wp\/v2\/product\/4807"}],"collection":[{"href":"http:\/\/kultaliikerantanen.fi\/index.php?rest_route=\/wp\/v2\/product"}],"about":[{"href":"http:\/\/kultaliikerantanen.fi\/index.php?rest_route=\/wp\/v2\/types\/product"}],"wp:featuredmedia":[{"embeddable":true,"href":"http:\/\/kultaliikerantanen.fi\/index.php?rest_route=\/wp\/v2\/media\/1092"}],"wp:attachment":[{"href":"http:\/\/kultaliikerantanen.fi\/index.php?rest_route=%2Fwp%2Fv2%2Fmedia&parent=4807"}],"curies":[{"name":"wp","href":"https:\/\/api.w.org\/{rel}","templated":true}]}}