{"id":4774,"date":"2017-09-21T12:23:02","date_gmt":"2017-09-21T12:23:02","guid":{"rendered":"http:\/\/kultaliikerantanen.fi\/?post_type=product&#038;p=4774"},"modified":"2021-04-20T07:43:36","modified_gmt":"2021-04-20T07:43:36","slug":"3118279","status":"publish","type":"product","link":"http:\/\/kultaliikerantanen.fi\/?product=3118279","title":{"rendered":"3118279"},"content":{"rendered":"<p>3118279, 5118279<br \/>\nLEHM\u00c4 10MM<br \/>\nEl\u00e4in, El\u00e4imet, Grillaus, Vasikka<\/p>\n","protected":false},"excerpt":{"rendered":"<p>3118279, 5118279 LEHM\u00c4 10MM El\u00e4in, El\u00e4imet, Grillaus, Vasikka<\/p>\n","protected":false},"featured_media":1081,"template":"","meta":[],"_links":{"self":[{"href":"http:\/\/kultaliikerantanen.fi\/index.php?rest_route=\/wp\/v2\/product\/4774"}],"collection":[{"href":"http:\/\/kultaliikerantanen.fi\/index.php?rest_route=\/wp\/v2\/product"}],"about":[{"href":"http:\/\/kultaliikerantanen.fi\/index.php?rest_route=\/wp\/v2\/types\/product"}],"wp:featuredmedia":[{"embeddable":true,"href":"http:\/\/kultaliikerantanen.fi\/index.php?rest_route=\/wp\/v2\/media\/1081"}],"wp:attachment":[{"href":"http:\/\/kultaliikerantanen.fi\/index.php?rest_route=%2Fwp%2Fv2%2Fmedia&parent=4774"}],"curies":[{"name":"wp","href":"https:\/\/api.w.org\/{rel}","templated":true}]}}