{"id":4771,"date":"2017-09-21T12:21:56","date_gmt":"2017-09-21T12:21:56","guid":{"rendered":"http:\/\/kultaliikerantanen.fi\/?post_type=product&#038;p=4771"},"modified":"2021-04-20T07:43:16","modified_gmt":"2021-04-20T07:43:16","slug":"3118278","status":"publish","type":"product","link":"http:\/\/kultaliikerantanen.fi\/?product=3118278","title":{"rendered":"3118278"},"content":{"rendered":"<p>3118278, 5118278<br \/>\nP\u00d6LL\u00d6 10MM<br \/>\nEl\u00e4in, El\u00e4imet, Lintu, Linnut<\/p>\n","protected":false},"excerpt":{"rendered":"<p>3118278, 5118278 P\u00d6LL\u00d6 10MM El\u00e4in, El\u00e4imet, Lintu, Linnut<\/p>\n","protected":false},"featured_media":1080,"template":"","meta":[],"_links":{"self":[{"href":"http:\/\/kultaliikerantanen.fi\/index.php?rest_route=\/wp\/v2\/product\/4771"}],"collection":[{"href":"http:\/\/kultaliikerantanen.fi\/index.php?rest_route=\/wp\/v2\/product"}],"about":[{"href":"http:\/\/kultaliikerantanen.fi\/index.php?rest_route=\/wp\/v2\/types\/product"}],"wp:featuredmedia":[{"embeddable":true,"href":"http:\/\/kultaliikerantanen.fi\/index.php?rest_route=\/wp\/v2\/media\/1080"}],"wp:attachment":[{"href":"http:\/\/kultaliikerantanen.fi\/index.php?rest_route=%2Fwp%2Fv2%2Fmedia&parent=4771"}],"curies":[{"name":"wp","href":"https:\/\/api.w.org\/{rel}","templated":true}]}}