{"id":4756,"date":"2017-09-21T12:15:35","date_gmt":"2017-09-21T12:15:35","guid":{"rendered":"http:\/\/kultaliikerantanen.fi\/?post_type=product&#038;p=4756"},"modified":"2021-04-20T07:41:38","modified_gmt":"2021-04-20T07:41:38","slug":"3118272","status":"publish","type":"product","link":"http:\/\/kultaliikerantanen.fi\/?product=3118272","title":{"rendered":"3118272"},"content":{"rendered":"<p>3118272, 5118272<br \/>\nPIIKKARI 20MM<br \/>\nLiikunta, Liikkuminen, Urheilu, Urheileminen, Kes\u00e4, Jalkapallo, Kenk\u00e4, Keng\u00e4t<\/p>\n","protected":false},"excerpt":{"rendered":"<p>3118272, 5118272 PIIKKARI 20MM Liikunta, Liikkuminen, Urheilu, Urheileminen, Kes\u00e4, Jalkapallo, Kenk\u00e4, Keng\u00e4t<\/p>\n","protected":false},"featured_media":1074,"template":"","meta":[],"_links":{"self":[{"href":"http:\/\/kultaliikerantanen.fi\/index.php?rest_route=\/wp\/v2\/product\/4756"}],"collection":[{"href":"http:\/\/kultaliikerantanen.fi\/index.php?rest_route=\/wp\/v2\/product"}],"about":[{"href":"http:\/\/kultaliikerantanen.fi\/index.php?rest_route=\/wp\/v2\/types\/product"}],"wp:featuredmedia":[{"embeddable":true,"href":"http:\/\/kultaliikerantanen.fi\/index.php?rest_route=\/wp\/v2\/media\/1074"}],"wp:attachment":[{"href":"http:\/\/kultaliikerantanen.fi\/index.php?rest_route=%2Fwp%2Fv2%2Fmedia&parent=4756"}],"curies":[{"name":"wp","href":"https:\/\/api.w.org\/{rel}","templated":true}]}}