{"id":4751,"date":"2017-09-21T12:13:04","date_gmt":"2017-09-21T12:13:04","guid":{"rendered":"http:\/\/kultaliikerantanen.fi\/?post_type=product&#038;p=4751"},"modified":"2021-04-20T07:40:33","modified_gmt":"2021-04-20T07:40:33","slug":"3118269","status":"publish","type":"product","link":"http:\/\/kultaliikerantanen.fi\/?product=3118269","title":{"rendered":"3118269"},"content":{"rendered":"<p>3118269<br \/>\nMOTOGROSSI PUOLIKAS<br \/>\nMotocross, Enduro, Mopo, Moottoripy\u00f6r\u00e4, Motocrosspy\u00f6r\u00e4<\/p>\n","protected":false},"excerpt":{"rendered":"<p>3118269 MOTOGROSSI PUOLIKAS Motocross, Enduro, Mopo, Moottoripy\u00f6r\u00e4, Motocrosspy\u00f6r\u00e4<\/p>\n","protected":false},"featured_media":1072,"template":"","meta":[],"_links":{"self":[{"href":"http:\/\/kultaliikerantanen.fi\/index.php?rest_route=\/wp\/v2\/product\/4751"}],"collection":[{"href":"http:\/\/kultaliikerantanen.fi\/index.php?rest_route=\/wp\/v2\/product"}],"about":[{"href":"http:\/\/kultaliikerantanen.fi\/index.php?rest_route=\/wp\/v2\/types\/product"}],"wp:featuredmedia":[{"embeddable":true,"href":"http:\/\/kultaliikerantanen.fi\/index.php?rest_route=\/wp\/v2\/media\/1072"}],"wp:attachment":[{"href":"http:\/\/kultaliikerantanen.fi\/index.php?rest_route=%2Fwp%2Fv2%2Fmedia&parent=4751"}],"curies":[{"name":"wp","href":"https:\/\/api.w.org\/{rel}","templated":true}]}}