{"id":4729,"date":"2017-09-20T17:02:04","date_gmt":"2017-09-20T17:02:04","guid":{"rendered":"http:\/\/kultaliikerantanen.fi\/?post_type=product&#038;p=4729"},"modified":"2021-04-20T07:38:08","modified_gmt":"2021-04-20T07:38:08","slug":"3118255","status":"publish","type":"product","link":"http:\/\/kultaliikerantanen.fi\/?product=3118255","title":{"rendered":"3118255"},"content":{"rendered":"<p>3118255, 5118255<br \/>\nMAALIVAHDINMAILA 21MM<br \/>\nLiikunta, Liikkuminen, Urheilu, Urheileminen, Talvi, J\u00e4\u00e4kiekko, L\u00e4tk\u00e4<\/p>\n","protected":false},"excerpt":{"rendered":"<p>3118255, 5118255 MAALIVAHDINMAILA 21MM Liikunta, Liikkuminen, Urheilu, Urheileminen, Talvi, J\u00e4\u00e4kiekko, L\u00e4tk\u00e4<\/p>\n","protected":false},"featured_media":1065,"template":"","meta":[],"_links":{"self":[{"href":"http:\/\/kultaliikerantanen.fi\/index.php?rest_route=\/wp\/v2\/product\/4729"}],"collection":[{"href":"http:\/\/kultaliikerantanen.fi\/index.php?rest_route=\/wp\/v2\/product"}],"about":[{"href":"http:\/\/kultaliikerantanen.fi\/index.php?rest_route=\/wp\/v2\/types\/product"}],"wp:featuredmedia":[{"embeddable":true,"href":"http:\/\/kultaliikerantanen.fi\/index.php?rest_route=\/wp\/v2\/media\/1065"}],"wp:attachment":[{"href":"http:\/\/kultaliikerantanen.fi\/index.php?rest_route=%2Fwp%2Fv2%2Fmedia&parent=4729"}],"curies":[{"name":"wp","href":"https:\/\/api.w.org\/{rel}","templated":true}]}}