{"id":4726,"date":"2017-09-20T16:53:18","date_gmt":"2017-09-20T16:53:18","guid":{"rendered":"http:\/\/kultaliikerantanen.fi\/?post_type=product&#038;p=4726"},"modified":"2021-04-20T07:28:06","modified_gmt":"2021-04-20T07:28:06","slug":"3118254","status":"publish","type":"product","link":"http:\/\/kultaliikerantanen.fi\/?product=3118254","title":{"rendered":"3118254"},"content":{"rendered":"<p>3118254, 5118254, 3118367, 5118367, 3118398, 5118398, 3118572, 5118572, 3118590, 5118590, 3118603, 5118603, 3118604, 5118604, 3118646, 5118646, 3118787, 5118787, 3118792, 5118792, 3118793, 5118793, 3118821, 5118821<br \/>\nSUOMENLEIJONA 7MM, SUOMENLEIJONA 10MM, SUOMENLEIJONA 14MM, SUOMENLEIJONA 16(KEVYT), SUOMENLEIJONA 17MM, SUOMENLEIJONA 18(TUKEVA), SUOMENLEIJONA 21MM, SUOMENLEIJONA 22MM, SUOMENLEIJONA 26(TUKEVA), SUOMENLEIJONA 30MM, SUOMENLEIJONA 33MM, SUOMENLEIJONA 37MM<br \/>\nLeijonat, J\u00e4\u00e4kiekko, L\u00e4tk\u00e4<\/p>\n","protected":false},"excerpt":{"rendered":"<p>3118254, 5118254, 3118367, 5118367, 3118398, 5118398, 3118572, 5118572, 3118590, 5118590, 3118603, 5118603, 3118604, 5118604, 3118646, 5118646, 3118787, 5118787, 3118792, 5118792, 3118793, 5118793, 3118821, 5118821 SUOMENLEIJONA 7MM, SUOMENLEIJONA 10MM, SUOMENLEIJONA 14MM, SUOMENLEIJONA 16(KEVYT), SUOMENLEIJONA 17MM, SUOMENLEIJONA 18(TUKEVA), SUOMENLEIJONA 21MM, SUOMENLEIJONA 22MM, SUOMENLEIJONA 26(TUKEVA), SUOMENLEIJONA 30MM, SUOMENLEIJONA 33MM, SUOMENLEIJONA 37MM Leijonat, J\u00e4\u00e4kiekko, L\u00e4tk\u00e4<\/p>\n","protected":false},"featured_media":1064,"template":"","meta":[],"_links":{"self":[{"href":"http:\/\/kultaliikerantanen.fi\/index.php?rest_route=\/wp\/v2\/product\/4726"}],"collection":[{"href":"http:\/\/kultaliikerantanen.fi\/index.php?rest_route=\/wp\/v2\/product"}],"about":[{"href":"http:\/\/kultaliikerantanen.fi\/index.php?rest_route=\/wp\/v2\/types\/product"}],"wp:featuredmedia":[{"embeddable":true,"href":"http:\/\/kultaliikerantanen.fi\/index.php?rest_route=\/wp\/v2\/media\/1064"}],"wp:attachment":[{"href":"http:\/\/kultaliikerantanen.fi\/index.php?rest_route=%2Fwp%2Fv2%2Fmedia&parent=4726"}],"curies":[{"name":"wp","href":"https:\/\/api.w.org\/{rel}","templated":true}]}}