{"id":4685,"date":"2017-08-30T12:56:56","date_gmt":"2017-08-30T12:56:56","guid":{"rendered":"http:\/\/kultaliikerantanen.fi\/?post_type=product&#038;p=4685"},"modified":"2021-04-20T06:59:41","modified_gmt":"2021-04-20T06:59:41","slug":"3118210","status":"publish","type":"product","link":"http:\/\/kultaliikerantanen.fi\/?product=3118210","title":{"rendered":"3118210"},"content":{"rendered":"<p>3118210, 5118210<br \/>\nM\u00c4YR\u00c4KOIRA 14,5MM<br \/>\nEl\u00e4in, El\u00e4imet, Lemmikki, Lemmikit, Koirat<\/p>\n","protected":false},"excerpt":{"rendered":"<p>3118210, 5118210 M\u00c4YR\u00c4KOIRA 14,5MM El\u00e4in, El\u00e4imet, Lemmikki, Lemmikit, Koirat<\/p>\n","protected":false},"featured_media":1051,"template":"","meta":[],"_links":{"self":[{"href":"http:\/\/kultaliikerantanen.fi\/index.php?rest_route=\/wp\/v2\/product\/4685"}],"collection":[{"href":"http:\/\/kultaliikerantanen.fi\/index.php?rest_route=\/wp\/v2\/product"}],"about":[{"href":"http:\/\/kultaliikerantanen.fi\/index.php?rest_route=\/wp\/v2\/types\/product"}],"wp:featuredmedia":[{"embeddable":true,"href":"http:\/\/kultaliikerantanen.fi\/index.php?rest_route=\/wp\/v2\/media\/1051"}],"wp:attachment":[{"href":"http:\/\/kultaliikerantanen.fi\/index.php?rest_route=%2Fwp%2Fv2%2Fmedia&parent=4685"}],"curies":[{"name":"wp","href":"https:\/\/api.w.org\/{rel}","templated":true}]}}