{"id":4682,"date":"2017-08-30T12:56:08","date_gmt":"2017-08-30T12:56:08","guid":{"rendered":"http:\/\/kultaliikerantanen.fi\/?post_type=product&#038;p=4682"},"modified":"2021-04-20T06:59:22","modified_gmt":"2021-04-20T06:59:22","slug":"3118208","status":"publish","type":"product","link":"http:\/\/kultaliikerantanen.fi\/?product=3118208","title":{"rendered":"3118208"},"content":{"rendered":"<p>3118208, 5118208<br \/>\nKYP\u00c4R\u00c4 10,5MM<br \/>\nMotocrossi, Motocross, Enduro, Mopo, Moottoripy\u00f6r\u00e4, Skootteri<\/p>\n","protected":false},"excerpt":{"rendered":"<p>3118208, 5118208 KYP\u00c4R\u00c4 10,5MM Motocrossi, Motocross, Enduro, Mopo, Moottoripy\u00f6r\u00e4, Skootteri<\/p>\n","protected":false},"featured_media":1050,"template":"","meta":[],"_links":{"self":[{"href":"http:\/\/kultaliikerantanen.fi\/index.php?rest_route=\/wp\/v2\/product\/4682"}],"collection":[{"href":"http:\/\/kultaliikerantanen.fi\/index.php?rest_route=\/wp\/v2\/product"}],"about":[{"href":"http:\/\/kultaliikerantanen.fi\/index.php?rest_route=\/wp\/v2\/types\/product"}],"wp:featuredmedia":[{"embeddable":true,"href":"http:\/\/kultaliikerantanen.fi\/index.php?rest_route=\/wp\/v2\/media\/1050"}],"wp:attachment":[{"href":"http:\/\/kultaliikerantanen.fi\/index.php?rest_route=%2Fwp%2Fv2%2Fmedia&parent=4682"}],"curies":[{"name":"wp","href":"https:\/\/api.w.org\/{rel}","templated":true}]}}