{"id":4630,"date":"2017-08-30T12:41:11","date_gmt":"2017-08-30T12:41:11","guid":{"rendered":"http:\/\/kultaliikerantanen.fi\/?post_type=product&#038;p=4630"},"modified":"2021-04-20T06:44:45","modified_gmt":"2021-04-20T06:44:45","slug":"3118172","status":"publish","type":"product","link":"http:\/\/kultaliikerantanen.fi\/?product=3118172","title":{"rendered":"3118172"},"content":{"rendered":"<p>3118172, 5118172<br \/>\nHYPP\u00c4\u00c4V\u00c4 PANTTERI 25MM<br \/>\nEl\u00e4in, El\u00e4imet<\/p>\n","protected":false},"excerpt":{"rendered":"<p>3118172, 5118172 HYPP\u00c4\u00c4V\u00c4 PANTTERI 25MM El\u00e4in, El\u00e4imet<\/p>\n","protected":false},"featured_media":1032,"template":"","meta":[],"_links":{"self":[{"href":"http:\/\/kultaliikerantanen.fi\/index.php?rest_route=\/wp\/v2\/product\/4630"}],"collection":[{"href":"http:\/\/kultaliikerantanen.fi\/index.php?rest_route=\/wp\/v2\/product"}],"about":[{"href":"http:\/\/kultaliikerantanen.fi\/index.php?rest_route=\/wp\/v2\/types\/product"}],"wp:featuredmedia":[{"embeddable":true,"href":"http:\/\/kultaliikerantanen.fi\/index.php?rest_route=\/wp\/v2\/media\/1032"}],"wp:attachment":[{"href":"http:\/\/kultaliikerantanen.fi\/index.php?rest_route=%2Fwp%2Fv2%2Fmedia&parent=4630"}],"curies":[{"name":"wp","href":"https:\/\/api.w.org\/{rel}","templated":true}]}}