{"id":4618,"date":"2017-08-30T12:37:34","date_gmt":"2017-08-30T12:37:34","guid":{"rendered":"http:\/\/kultaliikerantanen.fi\/?post_type=product&#038;p=4618"},"modified":"2021-04-20T06:42:55","modified_gmt":"2021-04-20T06:42:55","slug":"3118161","status":"publish","type":"product","link":"http:\/\/kultaliikerantanen.fi\/?product=3118161","title":{"rendered":"3118161"},"content":{"rendered":"<p>3118161, 5118161<br \/>\nKOIRANP\u00c4\u00c4 19MM (SCH\u00c4FER)<br \/>\nEl\u00e4in, El\u00e4imet, Lemmikki, Lemmikit, Koirat<\/p>\n","protected":false},"excerpt":{"rendered":"<p>3118161, 5118161 KOIRANP\u00c4\u00c4 19MM (SCH\u00c4FER) El\u00e4in, El\u00e4imet, Lemmikki, Lemmikit, Koirat<\/p>\n","protected":false},"featured_media":1028,"template":"","meta":[],"_links":{"self":[{"href":"http:\/\/kultaliikerantanen.fi\/index.php?rest_route=\/wp\/v2\/product\/4618"}],"collection":[{"href":"http:\/\/kultaliikerantanen.fi\/index.php?rest_route=\/wp\/v2\/product"}],"about":[{"href":"http:\/\/kultaliikerantanen.fi\/index.php?rest_route=\/wp\/v2\/types\/product"}],"wp:featuredmedia":[{"embeddable":true,"href":"http:\/\/kultaliikerantanen.fi\/index.php?rest_route=\/wp\/v2\/media\/1028"}],"wp:attachment":[{"href":"http:\/\/kultaliikerantanen.fi\/index.php?rest_route=%2Fwp%2Fv2%2Fmedia&parent=4618"}],"curies":[{"name":"wp","href":"https:\/\/api.w.org\/{rel}","templated":true}]}}