{"id":4594,"date":"2017-08-30T12:30:16","date_gmt":"2017-08-30T12:30:16","guid":{"rendered":"http:\/\/kultaliikerantanen.fi\/?post_type=product&#038;p=4594"},"modified":"2021-04-20T06:30:41","modified_gmt":"2021-04-20T06:30:41","slug":"3118147","status":"publish","type":"product","link":"http:\/\/kultaliikerantanen.fi\/?product=3118147","title":{"rendered":"3118147"},"content":{"rendered":"<p>3118147, 5118147<br \/>\nLUISTELUHIIHT\u00c4J\u00c4 26MM<br \/>\nLiikunta, Liikkuminen, Urheilu, Urheileminen, Talvi, Hiihto, Hiiht\u00e4minen, Laskiainen<\/p>\n","protected":false},"excerpt":{"rendered":"<p>3118147, 5118147 LUISTELUHIIHT\u00c4J\u00c4 26MM Liikunta, Liikkuminen, Urheilu, Urheileminen, Talvi, Hiihto, Hiiht\u00e4minen, Laskiainen<\/p>\n","protected":false},"featured_media":1020,"template":"","meta":[],"_links":{"self":[{"href":"http:\/\/kultaliikerantanen.fi\/index.php?rest_route=\/wp\/v2\/product\/4594"}],"collection":[{"href":"http:\/\/kultaliikerantanen.fi\/index.php?rest_route=\/wp\/v2\/product"}],"about":[{"href":"http:\/\/kultaliikerantanen.fi\/index.php?rest_route=\/wp\/v2\/types\/product"}],"wp:featuredmedia":[{"embeddable":true,"href":"http:\/\/kultaliikerantanen.fi\/index.php?rest_route=\/wp\/v2\/media\/1020"}],"wp:attachment":[{"href":"http:\/\/kultaliikerantanen.fi\/index.php?rest_route=%2Fwp%2Fv2%2Fmedia&parent=4594"}],"curies":[{"name":"wp","href":"https:\/\/api.w.org\/{rel}","templated":true}]}}