{"id":4576,"date":"2017-08-30T12:25:13","date_gmt":"2017-08-30T12:25:13","guid":{"rendered":"http:\/\/kultaliikerantanen.fi\/?post_type=product&#038;p=4576"},"modified":"2021-04-20T06:27:52","modified_gmt":"2021-04-20T06:27:52","slug":"3118136","status":"publish","type":"product","link":"http:\/\/kultaliikerantanen.fi\/?product=3118136","title":{"rendered":"3118136"},"content":{"rendered":"<p>3118136, 5118136<br \/>\nUIMAR\u00c4PYL\u00c4 16,5MM<br \/>\nMeri, Vesi, J\u00e4rvi, Snorklaus, Snorklaaminen Sukellus, Sukeltaminen, Uinti, Ranta<\/p>\n","protected":false},"excerpt":{"rendered":"<p>3118136, 5118136 UIMAR\u00c4PYL\u00c4 16,5MM Meri, Vesi, J\u00e4rvi, Snorklaus, Snorklaaminen Sukellus, Sukeltaminen, Uinti, Ranta<\/p>\n","protected":false},"featured_media":1013,"template":"","meta":[],"_links":{"self":[{"href":"http:\/\/kultaliikerantanen.fi\/index.php?rest_route=\/wp\/v2\/product\/4576"}],"collection":[{"href":"http:\/\/kultaliikerantanen.fi\/index.php?rest_route=\/wp\/v2\/product"}],"about":[{"href":"http:\/\/kultaliikerantanen.fi\/index.php?rest_route=\/wp\/v2\/types\/product"}],"wp:featuredmedia":[{"embeddable":true,"href":"http:\/\/kultaliikerantanen.fi\/index.php?rest_route=\/wp\/v2\/media\/1013"}],"wp:attachment":[{"href":"http:\/\/kultaliikerantanen.fi\/index.php?rest_route=%2Fwp%2Fv2%2Fmedia&parent=4576"}],"curies":[{"name":"wp","href":"https:\/\/api.w.org\/{rel}","templated":true}]}}