{"id":4564,"date":"2017-08-30T12:20:31","date_gmt":"2017-08-30T12:20:31","guid":{"rendered":"http:\/\/kultaliikerantanen.fi\/?post_type=product&#038;p=4564"},"modified":"2021-04-20T06:22:05","modified_gmt":"2021-04-20T06:22:05","slug":"3118128","status":"publish","type":"product","link":"http:\/\/kultaliikerantanen.fi\/?product=3118128","title":{"rendered":"3118128"},"content":{"rendered":"<p>3118128, 5118128<br \/>\nPERHONEN 11MM<br \/>\n\u00d6t\u00f6kk\u00e4, \u00d6t\u00f6k\u00e4t, Perhoset<\/p>\n","protected":false},"excerpt":{"rendered":"<p>3118128, 5118128 PERHONEN 11MM \u00d6t\u00f6kk\u00e4, \u00d6t\u00f6k\u00e4t, Perhoset<\/p>\n","protected":false},"featured_media":1009,"template":"","meta":[],"_links":{"self":[{"href":"http:\/\/kultaliikerantanen.fi\/index.php?rest_route=\/wp\/v2\/product\/4564"}],"collection":[{"href":"http:\/\/kultaliikerantanen.fi\/index.php?rest_route=\/wp\/v2\/product"}],"about":[{"href":"http:\/\/kultaliikerantanen.fi\/index.php?rest_route=\/wp\/v2\/types\/product"}],"wp:featuredmedia":[{"embeddable":true,"href":"http:\/\/kultaliikerantanen.fi\/index.php?rest_route=\/wp\/v2\/media\/1009"}],"wp:attachment":[{"href":"http:\/\/kultaliikerantanen.fi\/index.php?rest_route=%2Fwp%2Fv2%2Fmedia&parent=4564"}],"curies":[{"name":"wp","href":"https:\/\/api.w.org\/{rel}","templated":true}]}}