{"id":4486,"date":"2017-08-30T11:54:45","date_gmt":"2017-08-30T11:54:45","guid":{"rendered":"http:\/\/kultaliikerantanen.fi\/?post_type=product&#038;p=4486"},"modified":"2021-04-19T17:43:33","modified_gmt":"2021-04-19T17:43:33","slug":"31180873118087","status":"publish","type":"product","link":"http:\/\/kultaliikerantanen.fi\/?product=31180873118087","title":{"rendered":"3118087"},"content":{"rendered":"<p>3118087, 5118087<br \/>\nHEVOSENP\u00c4\u00c4KENK\u00c4 12MM<br \/>\nRatsastus, Ratsastaminen, Hevonen, El\u00e4in, El\u00e4imet<\/p>\n","protected":false},"excerpt":{"rendered":"<p>3118087, 5118087 HEVOSENP\u00c4\u00c4KENK\u00c4 12MM Ratsastus, Ratsastaminen, Hevonen, El\u00e4in, El\u00e4imet<\/p>\n","protected":false},"featured_media":982,"template":"","meta":[],"_links":{"self":[{"href":"http:\/\/kultaliikerantanen.fi\/index.php?rest_route=\/wp\/v2\/product\/4486"}],"collection":[{"href":"http:\/\/kultaliikerantanen.fi\/index.php?rest_route=\/wp\/v2\/product"}],"about":[{"href":"http:\/\/kultaliikerantanen.fi\/index.php?rest_route=\/wp\/v2\/types\/product"}],"wp:featuredmedia":[{"embeddable":true,"href":"http:\/\/kultaliikerantanen.fi\/index.php?rest_route=\/wp\/v2\/media\/982"}],"wp:attachment":[{"href":"http:\/\/kultaliikerantanen.fi\/index.php?rest_route=%2Fwp%2Fv2%2Fmedia&parent=4486"}],"curies":[{"name":"wp","href":"https:\/\/api.w.org\/{rel}","templated":true}]}}