{"id":4472,"date":"2017-08-22T17:18:42","date_gmt":"2017-08-22T17:18:42","guid":{"rendered":"http:\/\/kultaliikerantanen.fi\/?post_type=product&#038;p=4472"},"modified":"2021-04-19T17:41:55","modified_gmt":"2021-04-19T17:41:55","slug":"3118082","status":"publish","type":"product","link":"http:\/\/kultaliikerantanen.fi\/?product=3118082","title":{"rendered":"3118082"},"content":{"rendered":"<p>3118082, 5118082<br \/>\nHEVOSENP\u00c4\u00c4KENK\u00c4 TIM 17MM<br \/>\nRatsastus, Ratsastaminen, Hevonen, El\u00e4in, El\u00e4imet<\/p>\n","protected":false},"excerpt":{"rendered":"<p>3118082, 5118082 HEVOSENP\u00c4\u00c4KENK\u00c4 TIM 17MM Ratsastus, Ratsastaminen, Hevonen, El\u00e4in, El\u00e4imet<\/p>\n","protected":false},"featured_media":978,"template":"","meta":[],"_links":{"self":[{"href":"http:\/\/kultaliikerantanen.fi\/index.php?rest_route=\/wp\/v2\/product\/4472"}],"collection":[{"href":"http:\/\/kultaliikerantanen.fi\/index.php?rest_route=\/wp\/v2\/product"}],"about":[{"href":"http:\/\/kultaliikerantanen.fi\/index.php?rest_route=\/wp\/v2\/types\/product"}],"wp:featuredmedia":[{"embeddable":true,"href":"http:\/\/kultaliikerantanen.fi\/index.php?rest_route=\/wp\/v2\/media\/978"}],"wp:attachment":[{"href":"http:\/\/kultaliikerantanen.fi\/index.php?rest_route=%2Fwp%2Fv2%2Fmedia&parent=4472"}],"curies":[{"name":"wp","href":"https:\/\/api.w.org\/{rel}","templated":true}]}}