{"id":4415,"date":"2017-08-22T17:00:52","date_gmt":"2017-08-22T17:00:52","guid":{"rendered":"http:\/\/kultaliikerantanen.fi\/?post_type=product&#038;p=4415"},"modified":"2021-04-19T17:26:42","modified_gmt":"2021-04-19T17:26:42","slug":"3118050","status":"publish","type":"product","link":"http:\/\/kultaliikerantanen.fi\/?product=3118050","title":{"rendered":"3118050"},"content":{"rendered":"<p>3118050, 5118050<br \/>\nKORKOKENK\u00c4 16,5MM<br \/>\nTanssi, Juhlat, H\u00e4\u00e4t, Kenk\u00e4, Keng\u00e4t<\/p>\n","protected":false},"excerpt":{"rendered":"<p>3118050, 5118050 KORKOKENK\u00c4 16,5MM Tanssi, Juhlat, H\u00e4\u00e4t, Kenk\u00e4, Keng\u00e4t<\/p>\n","protected":false},"featured_media":959,"template":"","meta":[],"_links":{"self":[{"href":"http:\/\/kultaliikerantanen.fi\/index.php?rest_route=\/wp\/v2\/product\/4415"}],"collection":[{"href":"http:\/\/kultaliikerantanen.fi\/index.php?rest_route=\/wp\/v2\/product"}],"about":[{"href":"http:\/\/kultaliikerantanen.fi\/index.php?rest_route=\/wp\/v2\/types\/product"}],"wp:featuredmedia":[{"embeddable":true,"href":"http:\/\/kultaliikerantanen.fi\/index.php?rest_route=\/wp\/v2\/media\/959"}],"wp:attachment":[{"href":"http:\/\/kultaliikerantanen.fi\/index.php?rest_route=%2Fwp%2Fv2%2Fmedia&parent=4415"}],"curies":[{"name":"wp","href":"https:\/\/api.w.org\/{rel}","templated":true}]}}