{"id":4406,"date":"2017-08-22T16:52:38","date_gmt":"2017-08-22T16:52:38","guid":{"rendered":"http:\/\/kultaliikerantanen.fi\/?post_type=product&#038;p=4406"},"modified":"2021-04-19T17:24:29","modified_gmt":"2021-04-19T17:24:29","slug":"3118042","status":"publish","type":"product","link":"http:\/\/kultaliikerantanen.fi\/?product=3118042","title":{"rendered":"3118042"},"content":{"rendered":"<p>3118042, 5118042<br \/>\nJ\u00c4\u00c4KIEKKOILIA 17,5MM<br \/>\nLiikunta, Liikkuminen, Urheilu, Urheileminen, Talvi, J\u00e4\u00e4kiekko<\/p>\n","protected":false},"excerpt":{"rendered":"<p>3118042, 5118042 J\u00c4\u00c4KIEKKOILIA 17,5MM Liikunta, Liikkuminen, Urheilu, Urheileminen, Talvi, J\u00e4\u00e4kiekko<\/p>\n","protected":false},"featured_media":956,"template":"","meta":[],"_links":{"self":[{"href":"http:\/\/kultaliikerantanen.fi\/index.php?rest_route=\/wp\/v2\/product\/4406"}],"collection":[{"href":"http:\/\/kultaliikerantanen.fi\/index.php?rest_route=\/wp\/v2\/product"}],"about":[{"href":"http:\/\/kultaliikerantanen.fi\/index.php?rest_route=\/wp\/v2\/types\/product"}],"wp:featuredmedia":[{"embeddable":true,"href":"http:\/\/kultaliikerantanen.fi\/index.php?rest_route=\/wp\/v2\/media\/956"}],"wp:attachment":[{"href":"http:\/\/kultaliikerantanen.fi\/index.php?rest_route=%2Fwp%2Fv2%2Fmedia&parent=4406"}],"curies":[{"name":"wp","href":"https:\/\/api.w.org\/{rel}","templated":true}]}}