{"id":4367,"date":"2017-08-22T16:38:51","date_gmt":"2017-08-22T16:38:51","guid":{"rendered":"http:\/\/kultaliikerantanen.fi\/?post_type=product&#038;p=4367"},"modified":"2021-04-19T17:05:21","modified_gmt":"2021-04-19T17:05:21","slug":"3118014","status":"publish","type":"product","link":"http:\/\/kultaliikerantanen.fi\/?product=3118014","title":{"rendered":"3118014"},"content":{"rendered":"<p>3118014, 5118014<br \/>\nHEVOSENP\u00c4\u00c4 15MM<br \/>\nRatsastus, Ratsastaminen, Hevonen, El\u00e4in, El\u00e4imet<\/p>\n","protected":false},"excerpt":{"rendered":"<p>3118014, 5118014 HEVOSENP\u00c4\u00c4 15MM Ratsastus, Ratsastaminen, Hevonen, El\u00e4in, El\u00e4imet<\/p>\n","protected":false},"featured_media":943,"template":"","meta":[],"_links":{"self":[{"href":"http:\/\/kultaliikerantanen.fi\/index.php?rest_route=\/wp\/v2\/product\/4367"}],"collection":[{"href":"http:\/\/kultaliikerantanen.fi\/index.php?rest_route=\/wp\/v2\/product"}],"about":[{"href":"http:\/\/kultaliikerantanen.fi\/index.php?rest_route=\/wp\/v2\/types\/product"}],"wp:featuredmedia":[{"embeddable":true,"href":"http:\/\/kultaliikerantanen.fi\/index.php?rest_route=\/wp\/v2\/media\/943"}],"wp:attachment":[{"href":"http:\/\/kultaliikerantanen.fi\/index.php?rest_route=%2Fwp%2Fv2%2Fmedia&parent=4367"}],"curies":[{"name":"wp","href":"https:\/\/api.w.org\/{rel}","templated":true}]}}