{"id":4146,"date":"2017-07-17T19:41:08","date_gmt":"2017-07-17T19:41:08","guid":{"rendered":"http:\/\/kultaliikerantanen.fi\/?post_type=product&#038;p=4146"},"modified":"2021-04-09T15:54:59","modified_gmt":"2021-04-09T15:54:59","slug":"5163014","status":"publish","type":"product","link":"http:\/\/kultaliikerantanen.fi\/?product=5163014","title":{"rendered":"5163014"},"content":{"rendered":"<p>OLI 16\/ 12 SWA PERHONEN SWA<br \/>\n\u00d6t\u00f6kk\u00e4, \u00d6t\u00f6k\u00e4t<\/p>\n","protected":false},"excerpt":{"rendered":"<p>OLI 16\/ 12 SWA PERHONEN SWA \u00d6t\u00f6kk\u00e4, \u00d6t\u00f6k\u00e4t<\/p>\n","protected":false},"featured_media":1397,"template":"","meta":[],"_links":{"self":[{"href":"http:\/\/kultaliikerantanen.fi\/index.php?rest_route=\/wp\/v2\/product\/4146"}],"collection":[{"href":"http:\/\/kultaliikerantanen.fi\/index.php?rest_route=\/wp\/v2\/product"}],"about":[{"href":"http:\/\/kultaliikerantanen.fi\/index.php?rest_route=\/wp\/v2\/types\/product"}],"wp:featuredmedia":[{"embeddable":true,"href":"http:\/\/kultaliikerantanen.fi\/index.php?rest_route=\/wp\/v2\/media\/1397"}],"wp:attachment":[{"href":"http:\/\/kultaliikerantanen.fi\/index.php?rest_route=%2Fwp%2Fv2%2Fmedia&parent=4146"}],"curies":[{"name":"wp","href":"https:\/\/api.w.org\/{rel}","templated":true}]}}